{"id":150,"date":"2017-07-05T11:44:54","date_gmt":"2017-07-05T09:44:54","guid":{"rendered":"https:\/\/www.vd.pl\/klienci\/agregat-hydrauliczny\/?page_id=150"},"modified":"2017-07-10T11:18:12","modified_gmt":"2017-07-10T09:18:12","slug":"tuleje-i-lozyska","status":"publish","type":"page","link":"https:\/\/agregat-hydrauliczny.pl\/?page_id=150","title":{"rendered":"Tuleje i \u0141o\u017cyska \u015alizgowe"},"content":{"rendered":"<p>Opr\u00f3cz agregat\u00f3w oraz komponent\u00f3w do produkcji uk\u0142ad\u00f3w hydraulicznych posiadamy r\u00f3wnie\u017c w ofercie tuleje \u015blizgowe oraz \u0142o\u017cyska wahliwe, kt\u00f3re s\u0105 niezb\u0119dnym elementem do produkcji wszelkiego rodzaju maszyn i konstrukcji<br \/>\nz wykorzystaniem si\u0142ownik\u00f3w hydraulicznych. Tuleje i \u0142o\u017cyska s\u0105 niezb\u0119dne wsz\u0119dzie tam gdzie jest wymagany ruch po\u0142\u0105czonych ze sob\u0105 cz\u0119\u015bci maszyn. Tuleje i \u0142o\u017cyska mo\u017cemy podzieli\u0107 ze wzgl\u0119du na wykorzystane materia\u0142y do produkcji tych element\u00f3w.<\/p>\n<h2>Tuleje:<\/h2>\n<div class=\"bg-margin-for-link\"><input type='hidden' bg_collapse_expand='69e0eb0dc1cb85020581958' value='69e0eb0dc1cb85020581958'><input type='hidden' id='bg-show-more-text-69e0eb0dc1cb85020581958' value='SERIA SF-1'><input type='hidden' id='bg-show-less-text-69e0eb0dc1cb85020581958' value='SCHOWAJ'><a id='bg-showmore-action-69e0eb0dc1cb85020581958' class='bg-showmore-plg-link bg-arrow '  style=\" color:#637f98;;\" href='#'>SERIA SF-1<\/a><div id='bg-showmore-hidden-69e0eb0dc1cb85020581958' ><\/p>\n<p><a href=\"http:\/\/www.agregat-hydrauliczny.pl\/wp-content\/uploads\/2017\/07\/1-4.jpg\"><img loading=\"lazy\" decoding=\"async\" class=\"aligncenter wp-image-431\" src=\"http:\/\/www.agregat-hydrauliczny.pl\/wp-content\/uploads\/2017\/07\/1-4.jpg\" alt=\"tuleje \u015blizgowe SF-1\" width=\"707\" height=\"855\" srcset=\"https:\/\/agregat-hydrauliczny.pl\/wp-content\/uploads\/2017\/07\/1-4.jpg 666w, https:\/\/agregat-hydrauliczny.pl\/wp-content\/uploads\/2017\/07\/1-4-248x300.jpg 248w\" sizes=\"auto, (max-width: 707px) 100vw, 707px\" \/><\/a><\/p>\n<p><a href=\"http:\/\/www.agregat-hydrauliczny.pl\/wp-content\/uploads\/2017\/07\/2-3.jpg\"><img loading=\"lazy\" decoding=\"async\" class=\"aligncenter size-full wp-image-432\" src=\"http:\/\/www.agregat-hydrauliczny.pl\/wp-content\/uploads\/2017\/07\/2-3.jpg\" alt=\"tuleje typu sf-1\" width=\"666\" height=\"805\" srcset=\"https:\/\/agregat-hydrauliczny.pl\/wp-content\/uploads\/2017\/07\/2-3.jpg 666w, https:\/\/agregat-hydrauliczny.pl\/wp-content\/uploads\/2017\/07\/2-3-248x300.jpg 248w\" sizes=\"auto, (max-width: 666px) 100vw, 666px\" \/><\/a><a href=\"http:\/\/www.agregat-hydrauliczny.pl\/wp-content\/uploads\/2017\/07\/3-2.jpg\"><img loading=\"lazy\" decoding=\"async\" class=\"aligncenter size-full wp-image-433\" src=\"http:\/\/www.agregat-hydrauliczny.pl\/wp-content\/uploads\/2017\/07\/3-2.jpg\" alt=\"tuleje \u015blizgowe i \u0142o\u017cyska typu sf-1\" width=\"666\" height=\"805\" srcset=\"https:\/\/agregat-hydrauliczny.pl\/wp-content\/uploads\/2017\/07\/3-2.jpg 666w, https:\/\/agregat-hydrauliczny.pl\/wp-content\/uploads\/2017\/07\/3-2-248x300.jpg 248w\" sizes=\"auto, (max-width: 666px) 100vw, 666px\" \/><\/a><\/p>\n<p><a href=\"http:\/\/www.agregat-hydrauliczny.pl\/wp-content\/uploads\/2017\/07\/4-2.jpg\"><img loading=\"lazy\" decoding=\"async\" class=\"aligncenter size-full wp-image-434\" src=\"http:\/\/www.agregat-hydrauliczny.pl\/wp-content\/uploads\/2017\/07\/4-2.jpg\" alt=\"tuleje i \u0142ozyska typu sf-1\" width=\"666\" height=\"805\" srcset=\"https:\/\/agregat-hydrauliczny.pl\/wp-content\/uploads\/2017\/07\/4-2.jpg 666w, https:\/\/agregat-hydrauliczny.pl\/wp-content\/uploads\/2017\/07\/4-2-248x300.jpg 248w\" sizes=\"auto, (max-width: 666px) 100vw, 666px\" \/><\/a><\/div><\/div>\n<div class=\"bg-margin-for-link\"><input type='hidden' bg_collapse_expand='69e0eb0dc1e262090410592' value='69e0eb0dc1e262090410592'><input type='hidden' id='bg-show-more-text-69e0eb0dc1e262090410592' value='SERIA SF-2'><input type='hidden' id='bg-show-less-text-69e0eb0dc1e262090410592' value='SCHOWAJ'><a id='bg-showmore-action-69e0eb0dc1e262090410592' class='bg-showmore-plg-link bg-arrow '  style=\" color:#637f98;;\" href='#'>SERIA SF-2<\/a><div id='bg-showmore-hidden-69e0eb0dc1e262090410592' ><\/p>\n<p><a href=\"http:\/\/www.agregat-hydrauliczny.pl\/wp-content\/uploads\/2017\/07\/image0082.gif\"><img loading=\"lazy\" decoding=\"async\" class=\"aligncenter size-full wp-image-435\" src=\"http:\/\/www.agregat-hydrauliczny.pl\/wp-content\/uploads\/2017\/07\/image0082.gif\" alt=\"tuleje i \u0142o\u017cyska sf-2\" width=\"604\" height=\"715\" \/><\/a><\/p>\n<p><\/div><\/div>\n<div class=\"bg-margin-for-link\"><input type='hidden' bg_collapse_expand='69e0eb0dc1e870043719431' value='69e0eb0dc1e870043719431'><input type='hidden' id='bg-show-more-text-69e0eb0dc1e870043719431' value='Tuleje Oporowe SF-2'><input type='hidden' id='bg-show-less-text-69e0eb0dc1e870043719431' value='SCHOWAJ'><a id='bg-showmore-action-69e0eb0dc1e870043719431' class='bg-showmore-plg-link bg-arrow '  style=\" color:#637f98;;\" href='#'>Tuleje Oporowe SF-2<\/a><div id='bg-showmore-hidden-69e0eb0dc1e870043719431' ><\/p>\n<p><a href=\"http:\/\/www.agregat-hydrauliczny.pl\/wp-content\/uploads\/2017\/07\/sf-2.gif\"><img loading=\"lazy\" decoding=\"async\" class=\"aligncenter size-full wp-image-436\" src=\"http:\/\/www.agregat-hydrauliczny.pl\/wp-content\/uploads\/2017\/07\/sf-2.gif\" alt=\"tuleje i \u0142o\u017cyska oporowe\" width=\"604\" height=\"199\" \/><\/a><\/div><\/div>\n<div class=\"bg-margin-for-link\"><input type='hidden' bg_collapse_expand='69e0eb0dc1eca5007537056' value='69e0eb0dc1eca5007537056'><input type='hidden' id='bg-show-more-text-69e0eb0dc1eca5007537056' value='SERIA JF'><input type='hidden' id='bg-show-less-text-69e0eb0dc1eca5007537056' value='SCHOWAJ'><a id='bg-showmore-action-69e0eb0dc1eca5007537056' class='bg-showmore-plg-link bg-arrow '  style=\" color:#637f98;;\" href='#'>SERIA JF<\/a><div id='bg-showmore-hidden-69e0eb0dc1eca5007537056' ><\/p>\n<p><a href=\"http:\/\/www.agregat-hydrauliczny.pl\/wp-content\/uploads\/2017\/07\/jf.gif\"><img loading=\"lazy\" decoding=\"async\" class=\"aligncenter size-full wp-image-437\" src=\"http:\/\/www.agregat-hydrauliczny.pl\/wp-content\/uploads\/2017\/07\/jf.gif\" alt=\"tuleje i \u0142o\u017cyska serii jf\" width=\"605\" height=\"623\" \/><\/a><\/div><\/div>\n<div class=\"bg-margin-for-link\"><input type='hidden' bg_collapse_expand='69e0eb0dc1f054033044789' value='69e0eb0dc1f054033044789'><input type='hidden' id='bg-show-more-text-69e0eb0dc1f054033044789' value='SERIA FB'><input type='hidden' id='bg-show-less-text-69e0eb0dc1f054033044789' value='SCHOWAJ'><a id='bg-showmore-action-69e0eb0dc1f054033044789' class='bg-showmore-plg-link bg-arrow '  style=\" color:#637f98;;\" href='#'>SERIA FB<\/a><div id='bg-showmore-hidden-69e0eb0dc1f054033044789' ><\/p>\n<p><a href=\"http:\/\/www.agregat-hydrauliczny.pl\/wp-content\/uploads\/2017\/07\/fb.gif\"><img loading=\"lazy\" decoding=\"async\" class=\"aligncenter size-full wp-image-438\" src=\"http:\/\/www.agregat-hydrauliczny.pl\/wp-content\/uploads\/2017\/07\/fb.gif\" alt=\"tuleje i \u0142o\u017cyska fb\" width=\"605\" height=\"790\" \/><\/a><\/div><\/div>\n<div class=\"bg-margin-for-link\"><input type='hidden' bg_collapse_expand='69e0eb0dc1f421017683962' value='69e0eb0dc1f421017683962'><input type='hidden' id='bg-show-more-text-69e0eb0dc1f421017683962' value='SERIA JBD'><input type='hidden' id='bg-show-less-text-69e0eb0dc1f421017683962' value='SCHOWAJ'><a id='bg-showmore-action-69e0eb0dc1f421017683962' class='bg-showmore-plg-link bg-arrow '  style=\" color:#637f98;;\" href='#'>SERIA JBD<\/a><div id='bg-showmore-hidden-69e0eb0dc1f421017683962' ><\/p>\n<p><a href=\"http:\/\/www.agregat-hydrauliczny.pl\/wp-content\/uploads\/2017\/07\/jbd.gif\"><img loading=\"lazy\" decoding=\"async\" class=\"aligncenter size-full wp-image-439\" src=\"http:\/\/www.agregat-hydrauliczny.pl\/wp-content\/uploads\/2017\/07\/jbd.gif\" alt=\"tuleje i \u0142o\u017cyska jbd\" width=\"605\" height=\"729\" \/><\/a><\/div><\/div>\n<div class=\"bg-margin-for-link\"><input type='hidden' bg_collapse_expand='69e0eb0dc1f7a2097509638' value='69e0eb0dc1f7a2097509638'><input type='hidden' id='bg-show-more-text-69e0eb0dc1f7a2097509638' value='Tuleje Spiekane FU'><input type='hidden' id='bg-show-less-text-69e0eb0dc1f7a2097509638' value='SCHOWAJ'><a id='bg-showmore-action-69e0eb0dc1f7a2097509638' class='bg-showmore-plg-link bg-arrow '  style=\" color:#637f98;;\" href='#'>Tuleje Spiekane FU<\/a><div id='bg-showmore-hidden-69e0eb0dc1f7a2097509638' ><\/p>\n<p><a href=\"http:\/\/www.agregat-hydrauliczny.pl\/wp-content\/uploads\/2017\/07\/fu.gif\"><img loading=\"lazy\" decoding=\"async\" class=\"aligncenter size-full wp-image-440\" src=\"http:\/\/www.agregat-hydrauliczny.pl\/wp-content\/uploads\/2017\/07\/fu.gif\" alt=\"tuleje i \u0142o\u017cyska spiekane fu\" width=\"605\" height=\"314\" \/><\/a><\/div><\/div>\n<div class=\"bg-margin-for-link\"><input type='hidden' bg_collapse_expand='69e0eb0dc1faf7022014181' value='69e0eb0dc1faf7022014181'><input type='hidden' id='bg-show-more-text-69e0eb0dc1faf7022014181' value='Tuleje kulkowe FZ'><input type='hidden' id='bg-show-less-text-69e0eb0dc1faf7022014181' value='SCHOWAJ'><a id='bg-showmore-action-69e0eb0dc1faf7022014181' class='bg-showmore-plg-link bg-arrow '  style=\" color:#637f98;;\" href='#'>Tuleje kulkowe FZ<\/a><div id='bg-showmore-hidden-69e0eb0dc1faf7022014181' ><\/p>\n<p><a href=\"http:\/\/www.agregat-hydrauliczny.pl\/wp-content\/uploads\/2017\/07\/fz.gif\"><img loading=\"lazy\" decoding=\"async\" class=\"aligncenter size-full wp-image-441\" src=\"http:\/\/www.agregat-hydrauliczny.pl\/wp-content\/uploads\/2017\/07\/fz.gif\" alt=\"tuleje i \u0142o\u017cyska kulkowe fz\" width=\"605\" height=\"414\" \/><\/a><\/div><\/div>\n<hr \/>\n<p>&nbsp;<\/p>\n<p id=\"u4278-10\"><strong><span style=\"color: #637f98;\"><img loading=\"lazy\" decoding=\"async\" class=\"alignright wp-image-442 \" src=\"http:\/\/www.agregat-hydrauliczny.pl\/wp-content\/uploads\/2017\/07\/lozysko.jpg\" alt=\"\u0142o\u017cyska \u015blizgowe\" width=\"156\" height=\"156\" srcset=\"https:\/\/agregat-hydrauliczny.pl\/wp-content\/uploads\/2017\/07\/lozysko.jpg 246w, https:\/\/agregat-hydrauliczny.pl\/wp-content\/uploads\/2017\/07\/lozysko-150x150.jpg 150w\" sizes=\"auto, (max-width: 156px) 100vw, 156px\" \/>Opr\u00f3cz tulei mamy w ofercie \u0142o\u017cyska \u015blizgowe zar\u00f3wno obs\u0142ugowe jak i bezobs\u0142ugowe. Pe\u0142na oferta jest dost\u0119pna w naszym katalogu. Poni\u017cej przyk\u0142adowe zastosowania:<\/span><\/strong><\/p>\n<p>&nbsp;<\/p>\n<p><img loading=\"lazy\" decoding=\"async\" class=\"aligncenter size-full wp-image-443\" src=\"http:\/\/www.agregat-hydrauliczny.pl\/wp-content\/uploads\/2017\/07\/lozyska-zastosowanie.gif\" alt=\"zastosowanie \u0142o\u017cysk\" width=\"605\" height=\"766\" \/><\/p>\n<hr \/>\n<p>&nbsp;<\/p>\n<p style=\"text-align: center;\"><span style=\"color: #637f98;\"><strong>Je\u017celi powy\u017cszy opis jest dla Ciebie niewystarczaj\u0105cy, prze\u015blij nam swoje pytanie odno\u015bnie tego produktu. Postaramy si\u0119 odpowiedzie\u0107 tak szybko jak tylko b\u0119dzie to mo\u017cliwe.<\/strong><\/span><\/p>\n<p style=\"text-align: left;\">\n<div class=\"wpcf7 no-js\" id=\"wpcf7-f184-o1\" lang=\"pl-PL\" dir=\"ltr\" data-wpcf7-id=\"184\">\n<div class=\"screen-reader-response\"><p role=\"status\" aria-live=\"polite\" aria-atomic=\"true\"><\/p> <ul><\/ul><\/div>\n<form action=\"\/index.php?rest_route=%2Fwp%2Fv2%2Fpages%2F150#wpcf7-f184-o1\" method=\"post\" class=\"wpcf7-form init\" aria-label=\"Formularz kontaktowy\" novalidate=\"novalidate\" data-status=\"init\">\n<div style=\"display: none;\">\n<input type=\"hidden\" name=\"_wpcf7\" value=\"184\" \/>\n<input type=\"hidden\" name=\"_wpcf7_version\" value=\"6.0.2\" \/>\n<input type=\"hidden\" name=\"_wpcf7_locale\" value=\"pl_PL\" \/>\n<input type=\"hidden\" name=\"_wpcf7_unit_tag\" value=\"wpcf7-f184-o1\" \/>\n<input type=\"hidden\" name=\"_wpcf7_container_post\" value=\"0\" \/>\n<input type=\"hidden\" name=\"_wpcf7_posted_data_hash\" value=\"\" \/>\n<\/div>\n<p><label> Imi\u0119 i nazwisko<br \/>\n<span class=\"wpcf7-form-control-wrap\" data-name=\"your-name\"><input size=\"40\" maxlength=\"400\" class=\"wpcf7-form-control wpcf7-text wpcf7-validates-as-required\" aria-required=\"true\" aria-invalid=\"false\" value=\"\" type=\"text\" name=\"your-name\" \/><\/span> <\/label><br \/>\n<label> Adres email<br \/>\n<span class=\"wpcf7-form-control-wrap\" data-name=\"your-email\"><input size=\"40\" maxlength=\"400\" class=\"wpcf7-form-control wpcf7-email wpcf7-validates-as-required wpcf7-text wpcf7-validates-as-email\" aria-required=\"true\" aria-invalid=\"false\" value=\"\" type=\"email\" name=\"your-email\" \/><\/span> <\/label>\n<\/p>\n<p><label> Tre\u015b\u0107 wiadomo\u015bci<br \/>\n<span class=\"wpcf7-form-control-wrap\" data-name=\"your-message\"><textarea cols=\"40\" rows=\"10\" maxlength=\"2000\" class=\"wpcf7-form-control wpcf7-textarea\" aria-invalid=\"false\" name=\"your-message\"><\/textarea><\/span> <\/label>\n<\/p>\n<p><input class=\"wpcf7-form-control wpcf7-submit has-spinner\" type=\"submit\" value=\"Wy\u015blij\" \/>\n<\/p><div class=\"wpcf7-response-output\" aria-hidden=\"true\"><\/div>\n<\/form>\n<\/div>\n<\/p>\n","protected":false},"excerpt":{"rendered":"<p>Opr\u00f3cz agregat\u00f3w oraz komponent\u00f3w do produkcji uk\u0142ad\u00f3w hydraulicznych posiadamy r\u00f3wnie\u017c w ofercie tuleje \u015blizgowe oraz \u0142o\u017cyska wahliwe, kt\u00f3re s\u0105 niezb\u0119dnym elementem do produkcji wszelkiego rodzaju maszyn i konstrukcji z wykorzystaniem si\u0142ownik\u00f3w hydraulicznych. Tuleje i \u0142o\u017cyska s\u0105 niezb\u0119dne wsz\u0119dzie tam gdzie jest wymagany ruch po\u0142\u0105czonych ze sob\u0105 cz\u0119\u015bci maszyn. Tuleje i \u0142o\u017cyska mo\u017cemy podzieli\u0107 ze wzgl\u0119du [&hellip;]<\/p>\n","protected":false},"author":1,"featured_media":0,"parent":0,"menu_order":0,"comment_status":"closed","ping_status":"closed","template":"","meta":{"_exactmetrics_skip_tracking":false,"_exactmetrics_sitenote_active":false,"_exactmetrics_sitenote_note":"","_exactmetrics_sitenote_category":0,"footnotes":""},"class_list":["post-150","page","type-page","status-publish","hentry"],"yoast_head":"<!-- This site is optimized with the Yoast SEO plugin v24.1 - https:\/\/yoast.com\/wordpress\/plugins\/seo\/ -->\n<title>Tuleje i \u0141o\u017cyska \u015alizgowe - Agregaty Hydrauliczne<\/title>\n<meta name=\"robots\" content=\"index, follow, max-snippet:-1, max-image-preview:large, max-video-preview:-1\" \/>\n<link rel=\"canonical\" href=\"https:\/\/agregat-hydrauliczny.pl\/?page_id=150\" \/>\n<meta property=\"og:locale\" content=\"pl_PL\" \/>\n<meta property=\"og:type\" content=\"article\" \/>\n<meta property=\"og:title\" content=\"Tuleje i \u0141o\u017cyska \u015alizgowe - Agregaty Hydrauliczne\" \/>\n<meta property=\"og:description\" content=\"Opr\u00f3cz agregat\u00f3w oraz komponent\u00f3w do produkcji uk\u0142ad\u00f3w hydraulicznych posiadamy r\u00f3wnie\u017c w ofercie tuleje \u015blizgowe oraz \u0142o\u017cyska wahliwe, kt\u00f3re s\u0105 niezb\u0119dnym elementem do produkcji wszelkiego rodzaju maszyn i konstrukcji z wykorzystaniem si\u0142ownik\u00f3w hydraulicznych. Tuleje i \u0142o\u017cyska s\u0105 niezb\u0119dne wsz\u0119dzie tam gdzie jest wymagany ruch po\u0142\u0105czonych ze sob\u0105 cz\u0119\u015bci maszyn. Tuleje i \u0142o\u017cyska mo\u017cemy podzieli\u0107 ze wzgl\u0119du [&hellip;]\" \/>\n<meta property=\"og:url\" content=\"https:\/\/agregat-hydrauliczny.pl\/?page_id=150\" \/>\n<meta property=\"og:site_name\" content=\"Agregaty Hydrauliczne\" \/>\n<meta property=\"article:modified_time\" content=\"2017-07-10T09:18:12+00:00\" \/>\n<meta property=\"og:image\" content=\"https:\/\/agregat-hydrauliczny.pl\/wp-content\/uploads\/2017\/07\/1-4.jpg\" \/>\n\t<meta property=\"og:image:width\" content=\"666\" \/>\n\t<meta property=\"og:image:height\" content=\"805\" \/>\n\t<meta property=\"og:image:type\" content=\"image\/jpeg\" \/>\n<meta name=\"twitter:card\" content=\"summary_large_image\" \/>\n<meta name=\"twitter:label1\" content=\"Szacowany czas czytania\" \/>\n\t<meta name=\"twitter:data1\" content=\"1 minuta\" \/>\n<script type=\"application\/ld+json\" class=\"yoast-schema-graph\">{\"@context\":\"https:\/\/schema.org\",\"@graph\":[{\"@type\":\"WebPage\",\"@id\":\"https:\/\/agregat-hydrauliczny.pl\/?page_id=150\",\"url\":\"https:\/\/agregat-hydrauliczny.pl\/?page_id=150\",\"name\":\"Tuleje i \u0141o\u017cyska \u015alizgowe - Agregaty Hydrauliczne\",\"isPartOf\":{\"@id\":\"https:\/\/agregat-hydrauliczny.pl\/#website\"},\"primaryImageOfPage\":{\"@id\":\"https:\/\/agregat-hydrauliczny.pl\/?page_id=150#primaryimage\"},\"image\":{\"@id\":\"https:\/\/agregat-hydrauliczny.pl\/?page_id=150#primaryimage\"},\"thumbnailUrl\":\"http:\/\/www.agregat-hydrauliczny.pl\/wp-content\/uploads\/2017\/07\/1-4.jpg\",\"datePublished\":\"2017-07-05T09:44:54+00:00\",\"dateModified\":\"2017-07-10T09:18:12+00:00\",\"breadcrumb\":{\"@id\":\"https:\/\/agregat-hydrauliczny.pl\/?page_id=150#breadcrumb\"},\"inLanguage\":\"pl-PL\",\"potentialAction\":[{\"@type\":\"ReadAction\",\"target\":[\"https:\/\/agregat-hydrauliczny.pl\/?page_id=150\"]}]},{\"@type\":\"ImageObject\",\"inLanguage\":\"pl-PL\",\"@id\":\"https:\/\/agregat-hydrauliczny.pl\/?page_id=150#primaryimage\",\"url\":\"http:\/\/www.agregat-hydrauliczny.pl\/wp-content\/uploads\/2017\/07\/1-4.jpg\",\"contentUrl\":\"http:\/\/www.agregat-hydrauliczny.pl\/wp-content\/uploads\/2017\/07\/1-4.jpg\"},{\"@type\":\"BreadcrumbList\",\"@id\":\"https:\/\/agregat-hydrauliczny.pl\/?page_id=150#breadcrumb\",\"itemListElement\":[{\"@type\":\"ListItem\",\"position\":1,\"name\":\"Strona g\u0142\u00f3wna\",\"item\":\"https:\/\/agregat-hydrauliczny.pl\/\"},{\"@type\":\"ListItem\",\"position\":2,\"name\":\"Tuleje i \u0141o\u017cyska \u015alizgowe\"}]},{\"@type\":\"WebSite\",\"@id\":\"https:\/\/agregat-hydrauliczny.pl\/#website\",\"url\":\"https:\/\/agregat-hydrauliczny.pl\/\",\"name\":\"Agregaty Hydrauliczne\",\"description\":\"Agregaty Hydrauliczne, Pompy Hydrauliczne, Silniki Hydrauliczne i Wi\u0119cej...\",\"potentialAction\":[{\"@type\":\"SearchAction\",\"target\":{\"@type\":\"EntryPoint\",\"urlTemplate\":\"https:\/\/agregat-hydrauliczny.pl\/?s={search_term_string}\"},\"query-input\":{\"@type\":\"PropertyValueSpecification\",\"valueRequired\":true,\"valueName\":\"search_term_string\"}}],\"inLanguage\":\"pl-PL\"}]}<\/script>\n<!-- \/ Yoast SEO plugin. -->","yoast_head_json":{"title":"Tuleje i \u0141o\u017cyska \u015alizgowe - Agregaty Hydrauliczne","robots":{"index":"index","follow":"follow","max-snippet":"max-snippet:-1","max-image-preview":"max-image-preview:large","max-video-preview":"max-video-preview:-1"},"canonical":"https:\/\/agregat-hydrauliczny.pl\/?page_id=150","og_locale":"pl_PL","og_type":"article","og_title":"Tuleje i \u0141o\u017cyska \u015alizgowe - Agregaty Hydrauliczne","og_description":"Opr\u00f3cz agregat\u00f3w oraz komponent\u00f3w do produkcji uk\u0142ad\u00f3w hydraulicznych posiadamy r\u00f3wnie\u017c w ofercie tuleje \u015blizgowe oraz \u0142o\u017cyska wahliwe, kt\u00f3re s\u0105 niezb\u0119dnym elementem do produkcji wszelkiego rodzaju maszyn i konstrukcji z wykorzystaniem si\u0142ownik\u00f3w hydraulicznych. Tuleje i \u0142o\u017cyska s\u0105 niezb\u0119dne wsz\u0119dzie tam gdzie jest wymagany ruch po\u0142\u0105czonych ze sob\u0105 cz\u0119\u015bci maszyn. Tuleje i \u0142o\u017cyska mo\u017cemy podzieli\u0107 ze wzgl\u0119du [&hellip;]","og_url":"https:\/\/agregat-hydrauliczny.pl\/?page_id=150","og_site_name":"Agregaty Hydrauliczne","article_modified_time":"2017-07-10T09:18:12+00:00","og_image":[{"width":666,"height":805,"url":"https:\/\/agregat-hydrauliczny.pl\/wp-content\/uploads\/2017\/07\/1-4.jpg","type":"image\/jpeg"}],"twitter_card":"summary_large_image","twitter_misc":{"Szacowany czas czytania":"1 minuta"},"schema":{"@context":"https:\/\/schema.org","@graph":[{"@type":"WebPage","@id":"https:\/\/agregat-hydrauliczny.pl\/?page_id=150","url":"https:\/\/agregat-hydrauliczny.pl\/?page_id=150","name":"Tuleje i \u0141o\u017cyska \u015alizgowe - Agregaty Hydrauliczne","isPartOf":{"@id":"https:\/\/agregat-hydrauliczny.pl\/#website"},"primaryImageOfPage":{"@id":"https:\/\/agregat-hydrauliczny.pl\/?page_id=150#primaryimage"},"image":{"@id":"https:\/\/agregat-hydrauliczny.pl\/?page_id=150#primaryimage"},"thumbnailUrl":"http:\/\/www.agregat-hydrauliczny.pl\/wp-content\/uploads\/2017\/07\/1-4.jpg","datePublished":"2017-07-05T09:44:54+00:00","dateModified":"2017-07-10T09:18:12+00:00","breadcrumb":{"@id":"https:\/\/agregat-hydrauliczny.pl\/?page_id=150#breadcrumb"},"inLanguage":"pl-PL","potentialAction":[{"@type":"ReadAction","target":["https:\/\/agregat-hydrauliczny.pl\/?page_id=150"]}]},{"@type":"ImageObject","inLanguage":"pl-PL","@id":"https:\/\/agregat-hydrauliczny.pl\/?page_id=150#primaryimage","url":"http:\/\/www.agregat-hydrauliczny.pl\/wp-content\/uploads\/2017\/07\/1-4.jpg","contentUrl":"http:\/\/www.agregat-hydrauliczny.pl\/wp-content\/uploads\/2017\/07\/1-4.jpg"},{"@type":"BreadcrumbList","@id":"https:\/\/agregat-hydrauliczny.pl\/?page_id=150#breadcrumb","itemListElement":[{"@type":"ListItem","position":1,"name":"Strona g\u0142\u00f3wna","item":"https:\/\/agregat-hydrauliczny.pl\/"},{"@type":"ListItem","position":2,"name":"Tuleje i \u0141o\u017cyska \u015alizgowe"}]},{"@type":"WebSite","@id":"https:\/\/agregat-hydrauliczny.pl\/#website","url":"https:\/\/agregat-hydrauliczny.pl\/","name":"Agregaty Hydrauliczne","description":"Agregaty Hydrauliczne, Pompy Hydrauliczne, Silniki Hydrauliczne i Wi\u0119cej...","potentialAction":[{"@type":"SearchAction","target":{"@type":"EntryPoint","urlTemplate":"https:\/\/agregat-hydrauliczny.pl\/?s={search_term_string}"},"query-input":{"@type":"PropertyValueSpecification","valueRequired":true,"valueName":"search_term_string"}}],"inLanguage":"pl-PL"}]}},"_links":{"self":[{"href":"https:\/\/agregat-hydrauliczny.pl\/index.php?rest_route=\/wp\/v2\/pages\/150","targetHints":{"allow":["GET"]}}],"collection":[{"href":"https:\/\/agregat-hydrauliczny.pl\/index.php?rest_route=\/wp\/v2\/pages"}],"about":[{"href":"https:\/\/agregat-hydrauliczny.pl\/index.php?rest_route=\/wp\/v2\/types\/page"}],"author":[{"embeddable":true,"href":"https:\/\/agregat-hydrauliczny.pl\/index.php?rest_route=\/wp\/v2\/users\/1"}],"replies":[{"embeddable":true,"href":"https:\/\/agregat-hydrauliczny.pl\/index.php?rest_route=%2Fwp%2Fv2%2Fcomments&post=150"}],"version-history":[{"count":4,"href":"https:\/\/agregat-hydrauliczny.pl\/index.php?rest_route=\/wp\/v2\/pages\/150\/revisions"}],"predecessor-version":[{"id":445,"href":"https:\/\/agregat-hydrauliczny.pl\/index.php?rest_route=\/wp\/v2\/pages\/150\/revisions\/445"}],"wp:attachment":[{"href":"https:\/\/agregat-hydrauliczny.pl\/index.php?rest_route=%2Fwp%2Fv2%2Fmedia&parent=150"}],"curies":[{"name":"wp","href":"https:\/\/api.w.org\/{rel}","templated":true}]}}